{"id":178,"date":"2019-11-16T16:54:37","date_gmt":"2019-11-16T07:54:37","guid":{"rendered":"https:\/\/www.iee.jp\/fms\/?page_id=178"},"modified":"2020-01-30T11:19:00","modified_gmt":"2020-01-30T02:19:00","slug":"h28","status":"publish","type":"page","link":"https:\/\/www.iee.jp\/fms\/a_event\/h28\/","title":{"rendered":"\u5e73\u621028\u5e74\u5927\u4f1a"},"content":{"rendered":"<p>      <img decoding=\"async\" src=\"http:\/\/denki.iee.jp\/fms\/wp-content\/uploads\/sites\/2\/2016\/04\/ataikai2016-960x290.jpg\" alt=\"\"><\/p>\n<p class=\"p-document\">\u4e00\u822c\u5411\u3051<\/p>\n<h3 class=\"p-heading-line\">2016\u5e749\u67085\u65e5\u3000\uff5e\u30002016\u5e749\u67086\u65e5<\/h3>\n<h4 class=\"p-heading-lv2\">\u958b\u50ac\u5730\u30fb\u4f1a\u5834\uff1a\u798f\u5ca1\u770c\u3000\u4e5d\u5dde\u5de5\u696d\u5927\u5b66\u6238\u7551\u30ad\u30e3\u30f3\u30d1\u30b9<\/h4>\n<table class=\"p-table p-table-base1 p-table-base1--vertical\">\n<tbody>\n<tr>\n<th class=\"u-align-center u-text-nowrap\">\u4f4f\u6240<\/th>\n<td>\u5317\u4e5d\u5dde\u5e02\u6238\u7551\u533a\u4ed9\u6c34\u753a1-1<\/td>\n<\/tr>\n<tr>\n<th class=\"u-align-center u-text-nowrap\">\u4ea4\u901a<\/th>\n<td>JR\u9e7f\u5150\u5cf6\u672c\u7dda\u4e5d\u5dde\u5de5\u5927\u524d\u99c5\uff08\u5c0f\u5009\u99c5\u3088\u308a5\u5206\uff09\u304b\u3089\u5f92\u6b698\u5206<\/td>\n<\/tr>\n<tr>\n<th class=\"u-align-center u-text-nowrap\">\u5730\u56f3\u30ea\u30f3\u30af<\/th>\n<td><a class=\"p-link-label\" href=\"https:\/\/www.kyutech.ac.jp\/information\/map\/tobata.html\" data-text=\"Map Link\" title=\"Map Link\" target=\"_blank\" rel=\"noopener noreferrer\"><\/a><\/td>\n<\/tr>\n<tr>\n<th class=\"u-align-center u-text-nowrap\">\u30ea\u30f3\u30af<\/th>\n<td><a class=\"p-link\" href=\"http:\/\/ieej-fms-h28.ele.kyutech.ac.jp\/\" title=\"\u73fe\u5730\u5b9f\u884c\u59d4\u54e1\u4f1a website\" target=\"_blank\" rel=\"noopener noreferrer\">\u73fe\u5730\u5b9f\u884c\u59d4\u54e1\u4f1a website<\/a><\/td>\n<\/tr>\n<tr>\n<th class=\"u-align-center u-text-nowrap u-text-red\">\u5b9f\u884c\u59d4\u54e1\u4f1a\u304b\u3089\u306e\u304a\u77e5\u3089\u305b<\/th>\n<td>\n<h5 class=\"p-heading-lv3 p-heading-lv3--color u-mt0\">\u96fb\u6c17\u5b66\u4f1a\u3088\u308a (2016.12.09)<\/h5>\n<p class=\"p-document\"><span class=\"u-text-red\">\u4e88\u7a3f\u96c6\u306f\u5728\u5eab\u5207\u308c<\/span>\u3068\u306a\u308a\u307e\u3057\u305f\u3002\u591a\u6570\u306e\u3054\u6ce8\u6587\u3092\u3042\u308a\u304c\u3068\u3046\u3054\u3056\u3044\u307e\u3057\u305f\u3002<\/p>\n<h5 class=\"p-heading-lv3 p-heading-lv3--color\">\u53f0\u98a8\u60c5\u5831 (2016.09.03)<\/h5>\n<p class=\"p-document\">\u53f0\u98a812\u53f7\u306e\u4e5d\u5dde\u5730\u533a\u63a5\u8fd1\u306e\u5f71\u97ff\u306b\u5bfe\u3059\u308b\u73fe\u5730\u5b9f\u884c\u59d4\u54e1\u4f1a\u306e\u6c7a\u5b9a\u4e8b\u9805\uff089\u67083\u65e516\u6642\u73fe\u5728\uff09\u306b\u3064\u3044\u3066\u304a\u77e5\u3089\u305b\u81f4\u3057\u307e\u3059\u3002 \u5927\u4f1a\u521d\u65e5 9\u67085\u65e5\uff08\u6708\uff09 \u306e\u30bb\u30c3\u30b7\u30e7\u30f3\u958b\u59cb\u6642\u9593\u3092\u6700\u59271\u6642\u9593\u9045\u3089\u305b\uff0c\u5f53\u65e5\u306e\u5168\u3066\u306e\u30bb\u30c3\u30b7\u30e7\u30f3\u958b\u59cb\u3092 10:00 \u304b\u3089\u306b\u5909\u66f4\u3055\u305b\u3066\u9802\u304f\u3053\u3068\u3067\uff0c\u3054\u4e86\u627f\u9858\u3044\u307e\u3059\u3002\u8a73\u7d30\u306f\u300c\u30bb\u30c3\u30b7\u30e7\u30f3\u30d7\u30ed\u30b0\u30e9\u30e0\u6539\u8a02\u7248\u300d\u3092\u3054\u53c2\u7167\u304f\u3060\u3055\u3044\u3002<\/p>\n<h5 class=\"p-heading-lv3 p-heading-lv3--color\">\u5927\u4f1a\u671f\u9593\u4e2d\u306e\u7dca\u6025\u9023\u7d61\u5148 (2016.09.xx)<\/h5>\n<p class=\"p-document\">090-8733-7902 \uff089\/2\uff5e9\/6\u306e\u307f\uff09<\/p>\n<h5 class=\"p-heading-lv3 p-heading-lv3--color\">\u53d7\u4ed8\u6df7\u96d1\u7de9\u548c\u306e\u305f\u3081\u306e\u304a\u9858\u3044 (2016.08.12)<\/h5>\n<p class=\"p-document\">\u5927\u4f1a\u5f53\u65e5\u3067\u306e\u53d7\u4ed8\u3092\u5186\u6ed1\u306b\u3059\u308b\u305f\u3081\uff0c\u300c\u5927\u4f1a\u53c2\u52a0\u7533\u8fbc\u66f8\u300d <a class=\"p-link-label\" href=\"http:\/\/denki.iee.jp\/fms\/wp-content\/uploads\/sites\/2\/2016\/04\/H28_fms_registration_form_web.xlsx\" data-text=\"Excel\" title=\"\" target=\"_blank\" rel=\"noopener noreferrer\"><\/a> <a class=\"p-link-pdf\" href=\"http:\/\/denki.iee.jp\/fms\/wp-content\/uploads\/sites\/2\/2016\/04\/H28_fms_registration_form.pdf\" title=\"\" target=\"_blank\" rel=\"noopener noreferrer\"><\/a> \u3092\u5370\u5237\u30fb\u5fc5\u8981\u4e8b\u9805\u8a18\u8f09\u306e\u4e0a\uff0c\u3054\u6301\u53c2\u9802\u304d\uff0c\u53d7\u4ed8\u306b\u3066\u3054\u63d0\u51fa\u3057\u3066\u4e0b\u3055\u3044\u3002\u3054\u5354\u529b\u306e\u7a0b\uff0c\u5b9c\u3057\u304f\u304a\u9858\u3044\u7533\u3057\u4e0a\u3052\u307e\u3059\u3002<\/p>\n<h5 class=\"p-heading-lv3 p-heading-lv3--color\">\u53c2\u52a0\u8005\u3078\u306e\u304a\u9858\u3044 (2016.\u00d7\u00d7.\u00d7\u00d7)<\/h5>\n<ul class=\"p-list-dot\">\n<li>\u81ea\u5bb6\u7528\u8eca\u3067\u306e\u3054\u6765\u5834\u306f\u3054\u9060\u616e\u4e0b\u3055\u3044\u3002<\/li>\n<li>\u6691\u3044\u6642\u671f\u3067\u3059\u306e\u3067\uff0c\u30af\u30fc\u30eb\u30d3\u30ba\u3067\u7d50\u69cb\u3067\u3059\u3002<\/li>\n<li>\u4e5d\u5dde\u5de5\u696d\u5927\u5b66\u306e\u7121\u7ddaLAN\u306f\u5229\u7528\u3067\u304d\u307e\u305b\u3093\u3002\u306a\u304a\uff0c\u30ad\u30e3\u30f3\u30d1\u30b9\u7121\u7ddaLAN\u306e\u76f8\u4e92\u5229\u7528\u30b5\u30fc\u30d3\u30b9eduroam\u306f\u3054\u5229\u7528\u9802\u3051\u307e\u3059\u3002<\/li>\n<\/ul>\n<h5 class=\"p-heading-lv3 p-heading-lv3--color\">\u5199\u771f\u64ae\u5f71\u306b\u3064\u3044\u3066 (2016.\u00d7\u00d7.\u00d7\u00d7)<\/h5>\n<ul class=\"p-list-dot\">\n<li>\u4f1a\u5834\u5185\u306e\u5199\u771f\u64ae\u5f71\u306f\uff0c\u61c7\u89aa\u4f1a\u30fb\u7279\u5225\u8b1b\u6f14\u30fb\u8868\u5f70\u5f0f\u3092\u9664\u304d\u539f\u5247\u7981\u6b62\u3067\u3059\u3002<\/li>\n<li>\u4e00\u822c\u8b1b\u6f14\u3067\u306f\uff0c\u767a\u8868\u8005\u306e\u8a31\u53ef\u3092\u5f97\u3066\uff0c\u5ea7\u9577\uff08\u53f8\u4f1a\u8005\uff09\u306b\u7533\u3057\u51fa\u305f\u5834\u5408\u306b\u9650\u308a\uff0c\u5199\u771f\u64ae\u5f71\u304c\u3067\u304d\u307e\u3059\u3002<\/li>\n<li>\u30dd\u30b9\u30bf\u30fc\u767a\u8868\u4f1a\u5834\u3067\u306f\uff0c\u767a\u8868\u8005\u306e\u8a31\u53ef\u3092\u5f97\u305f\u5834\u5408\u306b\u9650\u308a\uff0c\u5199\u771f\u64ae\u5f71\u304c\u3067\u304d\u307e\u3059\u3002<\/li>\n<li>\u5927\u4f1a\u904b\u55b6\u95a2\u4fc2\u8005\u304c\uff0c\u5927\u4f1a\u306e\u8a18\u9332\u304a\u3088\u3073\u5e83\u5831\u306e\u305f\u3081\u306b\u5199\u771f\u3092\u64ae\u5f71\u3055\u305b\u3066\u9802\u304f\u3053\u3068\u304c\u3042\u308a\u307e\u3059\u3002<\/li>\n<\/ul>\n<h5 class=\"p-heading-lv3 p-heading-lv3--color\">\u3054\u8b1b\u6f14\u8005\u3078\u306e\u304a\u9858\u3044 (2016.\u00d7\u00d7.\u00d7\u00d7)<\/h5>\n<ul class=\"p-list-dot\">\n<li>\u8b1b\u6f14\u4f1a\u5834\u306b\u5230\u7740\u3055\u308c\u307e\u3057\u305f\u3089\uff0c\u5165\u53e3\u306e\u53d7\u4ed8\u306b\u3042\u308b\u8b1b\u6f14\u8005\u30ea\u30b9\u30c8\u306b\u304a\u540d\u524d\u306a\u3069\u3092\u3054\u8a18\u5165\u4e0b\u3055\u3044\u3002<\/li>\n<li>\u4e00\u822c\u8b1b\u6f14\u306e\u8b1b\u6f14\u6642\u9593\u306f\uff0c\u767a\u886812\u5206\uff0c\u8cea\u75913\u5206\u3067\u3059\u3002\u8b1b\u6f14\u8005\u306e\u4ea4\u4ee3\uff0c\u3054\u6301\u53c2\u306e\u30d1\u30bd\u30b3\u30f3\u3078\u306e\u63a5\u7d9a\u5207\u66ff\u3048\u3084\u8d77\u52d5\u306a\u3069\u306b\u8981\u3059\u308b\u6642\u9593\u3082\u8b1b\u6f14\u6642\u9593\u306b\u542b\u307e\u308c\u307e\u3059\u3002<\/li>\n<li>\u8b1b\u6f14\u306f\uff0c\u4f1a\u5834\u5099\u3048\u4ed8\u3051\u306e\u30d7\u30ed\u30b8\u30a7\u30af\u30bf\u53ca\u3073Windows\u30d1\u30bd\u30b3\u30f3\u306b\u3088\u308b\u767a\u8868\u3092\u57fa\u672c\u3068\u3057\u3066\u304a\u308a\u307e\u3059\u3002\u4f1a\u5834\u5099\u3048\u4ed8\u3051\u306e\u30d1\u30bd\u30b3\u30f3\u306eOS\u306fWindows 7\uff0c\u642d\u8f09\u3057\u3066\u3044\u308b\u30bd\u30d5\u30c8\u30a6\u30a7\u30a2\u306f\uff0cMicrosoft\u3000Powerpoint 2013\uff0cAdobe Reader DC\uff0c\u30a6\u30a3\u30eb\u30b9\u5bfe\u7b56\u30bd\u30d5\u30c8\u306e\u307f\u3067\u3059\u3002\u3053\u308c\u3089\u4ee5\u5916\u306e\u30bd\u30d5\u30c8\u30a6\u30a7\u30a2\u3092\u4f7f\u3063\u3066\u767a\u8868\u3055\u308c\u308b\u5834\u5408\u306f\uff0c\u30d1\u30bd\u30b3\u30f3\u3092\u3054\u6301\u53c2\u4e0b\u3055\u3044\u3002<\/li>\n<li>\u4f11\u61a9\u6642\u9593\u306a\u3069\u3092\u5229\u7528\u3057\u3066\uff0c\u4f1a\u5834\u5099\u3048\u4ed8\u3051\u306e\u30d1\u30bd\u30b3\u30f3\u3092\u4f7f\u308f\u308c\u308b\u5834\u5408\u306f\u30d1\u30bd\u30b3\u30f3\u4e0a\u3067\u306e\u52d5\u4f5c\u3092\uff0c\u307e\u305f\uff0c\u3054\u6301\u53c2\u306e\u30d1\u30bd\u30b3\u30f3\u3092\u4f7f\u7528\u3055\u308c\u308b\u5834\u5408\u306f\u6b63\u3057\u304f\u30d7\u30ed\u30b8\u30a7\u30af\u30bf\u306b\u6295\u5f71\u3055\u308c\u308b\u304b\uff0c\u4e8b\u524d\u306b\u3054\u78ba\u8a8d\u4e0b\u3055\u3044\u3002<\/li>\n<\/ul>\n<h5 class=\"p-heading-lv3 p-heading-lv3--color\">\u5317\u4e5d\u5dde\u7a7a\u6e2f\u21d2\u5c0f\u5009\u99c5\u307e\u3067\u306e\u30d0\u30b9\u306e\u7247\u9053\u7121\u6599\u5238\u9032\u5448\uff082016.x.xx)<\/h5>\n<p class=\"p-document\">\u672c\u5927\u4f1a\u306e\u5354\u8cdb\u3067\u3042\u308b\u300e\u5317\u4e5d\u5dde\u5e02\u300f\u304b\u3089\uff0c\u96fb\u6c17\u5b66\u4f1a\u90e8\u9580\u5927\u4f1a\u53c2\u52a0\u8005\u306b\u3001\u5317\u4e5d\u5dde\u7a7a\u6e2f\u304b\u3089\u5c0f\u5009\u99c5\u307e\u3067\u306e\u30d0\u30b9\u306e\u7247\u9053\u7121\u6599\u5238\u304c\u9032\u5448\u3055\u308c\u308b\u3053\u3068\u306b\u306a\u308a\u307e\u3057\u305f\u3002 \u5927\u4f1a\u53c2\u52a0\u7533\u8fbc\u66f8\u306b\u5fc5\u8981\u4e8b\u9805\u3092\u8a18\u5165\u306e\u4e0a\uff0c\u5317\u4e5d\u5dde\u6e2f\u306e\u30d0\u30b9\u8077\u54e1\u306b\u3054\u63d0\u793a\u304f\u3060\u3055\u3044\u3002 \u8a73\u3057\u3044\u6848\u5185\u306f\u3001\u4ee5\u4e0b\u306e\u30b5\u30a4\u30c8\u304b\u3089\u5317\u4e5d\u5dde\u7a7a\u6e2f\u306eHP\u3092\u3054\u89a7\u304f\u3060\u3055\u3044\u3002 <a class=\"p-link\" href=\"http:\/\/kitakyu-air.jp\/news_detail.html?id=263\" title=\"\" target=\"_blank\" rel=\"noopener noreferrer\">http:\/\/kitakyu-air.jp\/news_detail.html?id=263<\/a><\/p>\n<\/td>\n<\/tr>\n<tr>\n<th class=\"u-align-center u-text-nowrap\">\u4f1a\u5834\u6848\u5185<\/th>\n<td>\n<p class=\"p-document\">\u4e5d\u5de5\u5927\u69cb\u5185\u56f3\u304a\u3088\u3073\u4f1a\u5834\u306b\u4f7f\u7528\u3059\u308b\u68df\u5185\u306e\u6559\u5ba4\u914d\u7f6e\u56f3\u306a\u3069<a class=\"p-link-pdf\" href=\"http:\/\/denki.iee.jp\/fms\/wp-content\/uploads\/sites\/2\/2016\/04\/2016_ieej_fms_venue0808.pdf\" title=\"\" target=\"_blank\" rel=\"noopener noreferrer\"><\/a><\/p>\n<\/td>\n<\/tr>\n<tr>\n<th class=\"u-align-center u-text-nowrap\">\u30bb\u30c3\u30b7\u30e7\u30f3\u65e5\u7a0b\/\u30d7\u30ed\u30b0\u30e9\u30e0<\/th>\n<td>\n<h5 class=\"p-heading-lv3 p-heading-lv3--color u-mt0\">\u30bb\u30c3\u30b7\u30e7\u30f3\u65e5\u7a0b<\/h5>\n<p class=\"p-document\"><a class=\"p-link-pdf\" href=\"http:\/\/denki.iee.jp\/fms\/wp-content\/uploads\/sites\/2\/2016\/04\/2016_ieej_fms_session0903_1630.pdf\" title=\"\u30bb\u30c3\u30b7\u30e7\u30f3\u65e5\u7a0b\" target=\"_blank\" rel=\"noopener noreferrer\">\u30bb\u30c3\u30b7\u30e7\u30f3\u65e5\u7a0b<\/a> (2016.09.03 \u66f4\u65b0)<\/p>\n<h5 class=\"p-heading-lv3 p-heading-lv3--color\">\u8b1b\u6f14\u30d7\u30ed\u30b0\u30e9\u30e0<\/h5>\n<p class=\"p-document\"><a class=\"p-link-pdf\" href=\"http:\/\/denki.iee.jp\/fms\/wp-content\/uploads\/sites\/2\/2016\/04\/2016_ieej_fms_program0808.pdf\" title=\"\u5927\u4f1a\u30d7\u30ed\u30b0\u30e9\u30e0\" target=\"_blank\" rel=\"noopener noreferrer\">\u5927\u4f1a\u30d7\u30ed\u30b0\u30e9\u30e0<\/a> (2016.08.08 \u66f4\u65b0)<\/p>\n<\/td>\n<\/tr>\n<tr>\n<th class=\"u-align-center u-text-nowrap\">\u767a\u8868\u5206\u91ce<\/th>\n<td>\n<p class=\"p-document\">\u4ee5\u4e0b\u306e\u5206\u91ce\u3092\u52df\u96c6\u3057\u307e\u3059\u3002\u539f\u7a3f\u306f1\u30da\u30fc\u30b8\u307e\u305f\u306f6\u30da\u30fc\u30b8\u3068\u3057\u307e\u3059\u3002<br \/>0\uff0e\u82e5\u624b\u7814\u7a76\u8005\u306b\u3088\u308b\u30dd\u30b9\u30bf\u30fc\u30bb\u30c3\u30b7\u30e7\u30f3\uff08\u5404\u5206\u91ce\u5171\u901a\uff09*\u30011\uff0e\u6559\u80b2\u30fb\u7814\u7a76\u30012\uff0e\u96fb\u6c17\u6280\u8853\u53f2\u30013\uff0e\u96fb\u78c1\u754c\u7406\u8ad6\u30014\uff0e\u30d7\u30e9\u30ba\u30de\u30015\uff0e\u96fb\u78c1\u74b0\u5883\u30016\uff0e\u30d1\u30eb\u30b9\u30d1\u30ef\u30fc\u30017\uff0e\u78c1\u6027\u6750\u6599\u30fb\u78c1\u6c17\u5fdc\u7528\u30fb\u30de\u30a4\u30af\u30ed\u78c1\u6c17\u30018\uff0e\u91d1\u5c5e\u30fb\u30bb\u30e9\u30df\u30c3\u30af\u30b9\u30019\uff0e\u534a\u5c0e\u4f53\u30fb\u6a5f\u80fd\u30fb\u8d85\u96fb\u5c0e\u6750\u6599\u300110a\uff0e\u8a98\u96fb\u30fb\u7d76\u7e01\u6750\u6599\u300110b\uff0e\u8a98\u96fb\u30fb\u7d76\u7e01\u6750\u6599\u306e\u8a08\u6e2c\u300111a\uff0e\u653e\u96fb\u57fa\u790e\u30fb\u73fe\u8c61\u300111b\uff0e\u653e\u96fb\u5fdc\u7528\u300112\uff0e\u8a08\u6e2c\u300113\uff0e\u5149\u5fdc\u7528\u30fb\u8996\u899a\u300114\uff0e\u97f3\u97ff\u300115\uff0e\u4f01\u696d\u7814\u7a76\u8005\u3001\u6280\u8853\u8005\u306b\u3088\u308b\u62db\u5f85\u8b1b\u6f14\u300116\uff0e\u305d\u306e\u4ed6\u3001\u96fb\u6c17\u5de5\u5b66\u306e\u57fa\u790e\u30fb\u5171\u901a\u306a\u8ab2\u984c\u767a\u8868\u5206\u91ce<\/p>\n<\/td>\n<\/tr>\n<tr>\n<th class=\"u-align-center u-text-nowrap\">YPC<\/th>\n<td>\n<p class=\"p-document\">\u767a\u8868\u5206\u91ce\uff10\uff0e\u306e\u30dd\u30b9\u30bf\u30fc\u767a\u8868\u306b\u304a\u3044\u3066\u3001\u82e5\u624b\u306b\u3088\u308b\u7279\u306b\u512a\u308c\u305f\u767a\u8868\u306b\u5bfe\u3057\u3001YPC\u512a\u79c0\u767a\u8868\u8cde\u3092\u6388\u4e0e\u3057\u307e\u3059\u3002\u5bfe\u8c61\u306f\u3001\u767a\u8868\u6642\u306b\u6e8025\u6b73\u4ee5\u4e0b\u306e\u767a\u8868\u8005\u3068\u3057\u3001\u539f\u5247\u3068\u3057\u3066\u8ad6\u6587\u7b46\u982d\u8457\u8005\u3068\u3057\u307e\u3059\u3002<\/p>\n<\/td>\n<\/tr>\n<tr>\n<th class=\"u-align-center u-text-nowrap\">\u30c6\u30fc\u30de\u4ed8\u30bb\u30c3\u30b7\u30e7\u30f3<\/th>\n<td>\n<p class=\"p-document\">\u30fb\u30ca\u30ce\u78c1\u6027\u4f53\u306e\u7269\u6027\u3068\u6a5f\u80fd\u6027 \uff08\u30de\u30b0\u30cd\u30c6\u30a3\u30c3\u30af\u30b9\u6280\u8853\u59d4\u54e1\u4f1a\uff09<\/p>\n<\/td>\n<\/tr>\n<tr>\n<th class=\"u-align-center u-text-nowrap\">\u8b1b\u6f14\u7533\u8fbc\/\u539f\u7a3f\u7de0\u5207<\/th>\n<td>\n<p class=\"p-document u-text-bold\">\u7d42\u4e86\u3044\u305f\u3057\u307e\u3057\u305f\u3002<\/p>\n<\/td>\n<\/tr>\n<tr>\n<th class=\"u-align-center u-text-nowrap\">\u53c2\u52a0\u8cbb<\/th>\n<td>\n<p class=\"p-document\">\u6b63\u54e1\u30fb\u5354\u8cdb\u4f1a\u54e1 10,000 \uff08\u4e0d\u8ab2\u7a0e\uff09\u3000\uff0f\u51c6\u54e1\u30fb\u5b66\u751f\u54e1 5,000 \uff08\u4e0d\u8ab2\u7a0e\uff09<br \/>\n                \u4f1a\u54e1\u5916\u30fb\u4e8b\u696d\u7dad\u6301\u54e1 15,000 \uff08\u7a0e\u8fbc\uff09\uff0f\u4f1a\u54e1\u5916\u5b66\u751f\uff0a 7,000 \uff08\u7a0e\u8fbc\uff09<br \/>\n                \uff0a\u5f53\u65e5\u3054\u5165\u4f1a\u9802\u3044\u305f\u5b66\u751f\u3092\u5bfe\u8c61\u306b\u3001\u5272\u5f15\u30ad\u30e3\u30f3\u30da\u30fc\u30f3\u3092\u884c\u3044\u307e\u3059\u3002\n              <\/p>\n<ul class=\"p-list-dot\">\n<li>\u53c2\u52a0\u8cbb\u306f\u5f53\u65e5\u3001\u53d7\u4ed8\u306b\u3066\u304a\u652f\u6255\u3044\u9802\u304d\u307e\u3059\u3002<\/li>\n<li>\u53c2\u52a0\u8cbb\u306b\u306f\u98f2\u98df\u8cbb\u306f\u4e00\u5207\u542b\u307e\u308c\u3066\u304a\u308a\u307e\u305b\u3093\u3002<\/li>\n<\/ul>\n<\/td>\n<\/tr>\n<th class=\"u-align-center u-text-nowrap\">\u4e88\u7a3f\u96c6<\/th>\n<td>\n<p class=\"p-document\">\u4e88\u7a3f\u96c6\u306f\u5728\u5eab\u5207\u308c\u3068\u306a\u308a\u307e\u3057\u305f\u3002\u591a\u6570\u306e\u3054\u6ce8\u6587\u3092\u3042\u308a\u304c\u3068\u3046\u3054\u3056\u3044\u307e\u3057\u305f\u3002<\/p>\n<\/td>\n<\/tr>\n<tr>\n<th class=\"u-align-center u-text-nowrap\">\u7279\u5225\u8b1b\u6f14<\/th>\n<td>\n<p class=\"p-document\">\u65e5\u6642\uff1a \u5e73\u621028\u5e749\u67085\u65e5(\u6708) 17:00\uff5e17:40 <br \/>\n              \u5834\u6240\uff1a \u4e5d\u5dde\u5de5\u696d\u5927\u5b66\u3000\u6238\u7551\u30ad\u30e3\u30f3\u30d1\u30b9\u3000 \u4e2d\u6751\u8a18\u5ff5\u9928\uff12F \u591a\u76ee\u7684\u30db\u30fc\u30eb<br \/>\n              \u8b1b\u5e2b\uff1a \u5cf6\u6d25\u3000\u5c1a\u5145 \uff08\u65b0\u65e5\u9435\u4f4f\u91d1\u682a\u5f0f\u4f1a\u793e\u516b\u5e61\u88fd\u9435\u6240\u8a2d\u5099\u90e8\u30b7\u30b9\u30c6\u30e0\u5236\u5fa1\u6280\u8853\u5ba4\u3000\u4e3b\u67fb\uff09<br \/>\n              \u984c\u76ee\uff1a \u9244\u92fc\u696d\u306b\u304a\u3051\u308b\u96fb\u6c17\u6280\u8853\u306e\u5fdc\u7528\n            <\/p>\n<\/td>\n<\/tr>\n<tr>\n<th class=\"u-align-center u-text-nowrap\">\u61c7\u89aa\u4f1a<\/th>\n<td>\n<p class=\"p-document\">\u65e5\u6642\uff1a \u5e73\u621028\u5e749\u67085\u65e5(\u6708) 19:00\uff5e21:00<br \/>\n              \u5834\u6240\uff1a <a class=\"p-link\" href=\"http:\/\/monton-mojiko.jp\/\" title=\"\u30b6\u30fb\u30e2\u30f3\u30c8\u30f3\u30c6\u30e9\u30b9\u9580\u53f8\u6e2f\" target=\"_blank\" rel=\"noopener noreferrer\">\u30b6\u30fb\u30e2\u30f3\u30c8\u30f3\u30c6\u30e9\u30b9\u9580\u53f8\u6e2f<\/a>(\u3012801-0841 \u5317\u4e5d\u5dde\u5e02\u9580\u53f8\u533a\u897f\u6d77\u5cb81-3-1\uff09 \uff08\u95a2\u9580\u6d77\u5ce1\u306e\u7d20\u6674\u3089\u3057\u3044\u591c\u666f\u3068\u6599\u7406\u304c\u304a\u5f85\u3061\u3057\u3066\u304a\u308a\u307e\u3059\uff01\uff09<br \/>\n              \u61c7\u89aa\u4f1a\u53c2\u52a0\u8cbb: \u4e00\u822c\uff1a4,000\u5186\uff0c\u5b66\u751f\uff1a2,000\u5186\uff08\u304b\u306a\u308a\u304a\u5f97\u3067\u3059\uff01\uff09<br \/>\u79fb\u52d5\uff1a\u4e5d\u5dde\u5de5\u696d\u5927\u5b66\uff0817:50\u767a\uff09\u21d2\u4f1a\u5834\uff0c\u4f1a\u5834\uff0821:00\u767a\uff09\u21d2\u5c0f\u5009\u99c5\u306e\u30b7\u30e3\u30c8\u30eb\u30d0\u30b9\u3092\u3054\u7528\u610f\u81f4\u3057\u307e\u3059\u3002<br \/>\u73fe\u5730\u53d7\u4ed8\uff1a18:30\u958b\u59cb\uff08\u30a6\u30a7\u30eb\u30ab\u30e0\u30c9\u30ea\u30f3\u30af\u304c\u304a\u5f85\u3061\u3057\u3066\u304a\u308a\u307e\u3059\uff01\uff09\n            <\/p>\n<\/td>\n<\/tr>\n<tr>\n<th class=\"u-align-center u-text-nowrap\">\u4e3b\u50ac<\/th>\n<td>\n<h5 class=\"p-heading-lv3 u-mt0 u-mb0\">\u4e3b\u50ac<\/h5>\n<p>\u96fb\u6c17\u5b66\u4f1a\u3000\u57fa\u790e\u30fb\u6750\u6599\u30fb\u5171\u901a\u90e8\u9580<\/p>\n<h5 class=\"p-heading-lv3 u-mb0\">\u5171\u50ac<\/h5>\n<p>\u96fb\u6c17\u5b66\u4f1a \u4e5d\u5dde\u652f\u90e8<\/p>\n<h5 class=\"p-heading-lv3 u-mb0\">\u5354\u8cdb<\/h5>\n<p>\u4e00\u822c\u793e\u56e3\u6cd5\u4eba \u96fb\u5b50\u60c5\u5831\u901a\u4fe1\u5b66\u4f1a \u3001\u4e00\u822c\u793e\u56e3\u6cd5\u4eba \u7167\u660e\u5b66\u4f1a\u3001\u4e00\u822c\u793e\u56e3\u6cd5\u4eba \u6620\u50cf\u60c5\u5831\u30e1\u30c7\u30a3\u30a2\u5b66\u4f1a\u3001\u4e00\u822c\u793e\u56e3\u6cd5\u4eba \u60c5\u5831\u51e6\u7406\u5b66\u4f1a\u3001\u4e00\u822c\u793e\u56e3\u6cd5\u4eba \u96fb\u6c17\u8a2d\u5099\u5b66\u4f1a \u3001 \u9759\u96fb\u6c17\u5b66\u4f1a \u3001\u4e00\u822c\u793e\u56e3\u6cd5\u4eba \u65e5\u672c\u97f3\u97ff\u5b66\u4f1a\u3001\u5317\u4e5d\u5dde\u5e02\u3001\u897f\u65e5\u672c\u7523\u696d\u8cbf\u6613\u30b3\u30f3\u30d9\u30f3\u30b7\u30e7\u30f3\u5354\u4f1a \uff08\u9806\u4e0d\u540c\uff09<\/p>\n<h5 class=\"p-heading-lv3 u-mb0\">\u5f8c\u63f4<\/h5>\n<p>\u4e5d\u5dde\u5de5\u696d\u5927\u5b66 \u5927\u5b66\u9662 \u5de5\u5b66\u7814\u7a76\u9662<\/p>\n<\/td>\n<\/tr>\n<tr>\n<th class=\"u-align-center u-text-nowrap\">\u30ad\u30e3\u30f3\u30bb\u30eb\u30dd\u30ea\u30b7\u30fc<\/th>\n<td>\n<h5 class=\"p-heading-lv3 p-heading-lv3--color u-mt0\">\u90e8\u9580\u5927\u4f1a\u304c\u958b\u50ac\u3055\u308c\u306a\u3044\u5834\u5408\u306e\u5bfe\u5fdc<\/h5>\n<p class=\"p-document\">\n<ul class=\"p-list-dot\">\n<li>\u6c17\u8c61\u7279\u5225\u8b66\u5831\u3084\u66b4\u98a8\u8b66\u5831\u306a\u3069\u306e\u767a\u4ee4\uff0c\u5927\u898f\u6a21\u707d\u5bb3\u306e\u767a\u751f\u306a\u3069\uff0c\u5927\u4f1a\u53c2\u52a0\u8005\u306b\u5371\u967a\u304c\u53ca\u3076\u6050\u308c\u304c\u3042\u308b\u5834\u5408\uff0c\u5b9f\u884c\u59d4\u54e1\u9577\u306f\u5927\u4f1a\u306e\u958b\u50ac\u4e2d\u6b62\u3092\u6c7a\u5b9a\u3059\u308b\u3053\u3068\u304c\u3042\u308a\u307e\u3059\u3002<\/li>\n<li>\u5927\u4f1a\u306e\u958b\u50ac\u4e2d\u6b62\u306e\u5224\u65ad\u306f\u4e00\u65e5\u5358\u4f4d\u3067\u884c\u3044\u307e\u3059\u3002\u3053\u306e\u305f\u3081\uff0c\u7b2c\u4e00\u65e5\u76ee\u304c\u4e2d\u6b62\u3067\u3042\u3063\u3066\u3082\u7b2c\u4e8c\u65e5\u76ee\u4ee5\u964d\u958b\u50ac\u3055\u308c\u308b\u5834\u5408\u3084\uff0c\u9006\u306b\u5927\u4f1a\u4f1a\u671f\u306e\u9014\u4e2d\u304b\u3089\u4e2d\u6b62\u3068\u3059\u308b\u5834\u5408\u3082\u3042\u308a\u307e\u3059\u3002<\/li>\n<li>\u958b\u50ac\u4e2d\u6b62\u3068\u6c7a\u5b9a\u3057\u305f\u5834\u5408\u306b\u306f\uff0c\u76f4\u3061\u306b\u672cWeb\u30b5\u30a4\u30c8\u4e0a\u306b\u544a\u77e5\u3057\u307e\u3059\u3002<\/li>\n<\/ul>\n<\/td>\n<\/tr>\n<tr>\n<th class=\"u-align-center u-text-nowrap\">\u554f\u5408\u305b\u5148<\/th>\n<td>\n<p class=\"p-document\">\n              \u96fb\u6c17\u5b66\u4f1a\u4e8b\u696d\u30b5\u30fc\u30d3\u30b9\u8ab2\u3000\u57fa\u790e\u30fb\u6750\u6599\u30fb\u5171\u901a\u90e8\u9580\u5927\u4f1a\u62c5\u5f53<br \/>\n              Tel\u300003-3221-7313<br \/>\n              Fax\u300003-3221-3704<br \/>\n              event\uff20iee.or.jp\u3000\uff08\uff20\u3092@\uff1c\u534a\u89d2\uff1e\u306b\u7f6e\u304d\u63db\u3048\u3066\u4e0b\u3055\u3044\uff09\n            <\/p>\n<\/td>\n<\/tr>\n<\/tbody>\n<\/table>\n<\/section>\n","protected":false},"excerpt":{"rendered":"<p>\u4e00\u822c\u5411\u3051 2016\u5e749\u67085\u65e5\u3000\uff5e\u30002016\u5e749\u67086\u65e5 \u958b\u50ac\u5730\u30fb\u4f1a\u5834\uff1a\u798f\u5ca1\u770c\u3000\u4e5d\u5dde\u5de5\u696d\u5927\u5b66\u6238\u7551\u30ad\u30e3\u30f3\u30d1\u30b9 \u4f4f\u6240 \u5317\u4e5d\u5dde\u5e02\u6238\u7551\u533a\u4ed9\u6c34\u753a1-1 \u4ea4\u901a JR\u9e7f\u5150\u5cf6\u672c\u7dda\u4e5d\u5dde\u5de5\u5927\u524d\u99c5\uff08\u5c0f\u5009\u99c5\u3088\u308a5\u5206\uff09\u304b\u3089\u5f92\u6b698\u5206 \u5730\u56f3\u30ea\u30f3\u30af \u30ea\u30f3\u30af [&hellip;]<\/p>\n","protected":false},"author":1,"featured_media":0,"parent":161,"menu_order":0,"comment_status":"closed","ping_status":"closed","template":"","meta":{"_acf_changed":false,"advanced_seo_description":"","jetpack_seo_html_title":"","jetpack_seo_noindex":false,"jetpack_post_was_ever_published":false},"class_list":["post-178","page","type-page","status-publish","hentry"],"acf":[],"jetpack_sharing_enabled":true,"jetpack_shortlink":"https:\/\/wp.me\/Pbuf3T-2S","jetpack-related-posts":[],"_links":{"self":[{"href":"https:\/\/www.iee.jp\/fms\/wp-json\/wp\/v2\/pages\/178","targetHints":{"allow":["GET"]}}],"collection":[{"href":"https:\/\/www.iee.jp\/fms\/wp-json\/wp\/v2\/pages"}],"about":[{"href":"https:\/\/www.iee.jp\/fms\/wp-json\/wp\/v2\/types\/page"}],"author":[{"embeddable":true,"href":"https:\/\/www.iee.jp\/fms\/wp-json\/wp\/v2\/users\/1"}],"replies":[{"embeddable":true,"href":"https:\/\/www.iee.jp\/fms\/wp-json\/wp\/v2\/comments?post=178"}],"version-history":[{"count":1,"href":"https:\/\/www.iee.jp\/fms\/wp-json\/wp\/v2\/pages\/178\/revisions"}],"predecessor-version":[{"id":179,"href":"https:\/\/www.iee.jp\/fms\/wp-json\/wp\/v2\/pages\/178\/revisions\/179"}],"up":[{"embeddable":true,"href":"https:\/\/www.iee.jp\/fms\/wp-json\/wp\/v2\/pages\/161"}],"wp:attachment":[{"href":"https:\/\/www.iee.jp\/fms\/wp-json\/wp\/v2\/media?parent=178"}],"curies":[{"name":"wp","href":"https:\/\/api.w.org\/{rel}","templated":true}]}}